{"id":63,"date":"2013-04-25T14:06:27","date_gmt":"2013-04-25T12:06:27","guid":{"rendered":"http:\/\/www.wolkenmusik.de\/?page_id=63"},"modified":"2023-01-17T18:37:02","modified_gmt":"2023-01-17T16:37:02","slug":"credits","status":"publish","type":"page","link":"http:\/\/www.wolkenmusik.de\/?page_id=63","title":{"rendered":"credits"},"content":{"rendered":"<p>\u201cMusic from the Cloud\u201d is part of the\u00a0project \u201cMusic in the Cloud\u201d organised by the Music Section of the Akademie der K\u00fcnste in the frame of the exhibition \u201cKultur:Stadt\u201d at Akademie der K\u00fcnste, Hanseatenweg. In collaboration with raumlabor berlin and radio aporee by Udo Noll and the participating partners:<br \/>\nZK\/U Zentrum f\u00fcr Kunst und Urbanistik, ExRotaprint, DOCK 11 EDEN*****, Mellowpark, RADIALSYSTEM V, Prinzessinneng\u00e4rten, Kotti &amp; Co, Berlin Gr\u00fcn GmbH<\/p>\n<p><a href=\"http:\/\/www.wolkenmusik.de\/wp-content\/uploads\/2013\/04\/006.AdK_.small_.1c_37-85mm.jpg\"><img decoding=\"async\" loading=\"lazy\" class=\"alignnone size-medium wp-image-35\" src=\"http:\/\/www.wolkenmusik.de\/wp-content\/uploads\/2013\/04\/006.AdK_.small_.1c_37-85mm-300x58.jpg\" alt=\"006.AdK.small.1c_37-85mm\" width=\"300\" height=\"58\" srcset=\"http:\/\/www.wolkenmusik.de\/wp-content\/uploads\/2013\/04\/006.AdK_.small_.1c_37-85mm-300x58.jpg 300w, http:\/\/www.wolkenmusik.de\/wp-content\/uploads\/2013\/04\/006.AdK_.small_.1c_37-85mm-1024x198.jpg 1024w, http:\/\/www.wolkenmusik.de\/wp-content\/uploads\/2013\/04\/006.AdK_.small_.1c_37-85mm-624x120.jpg 624w\" sizes=\"(max-width: 300px) 100vw, 300px\" \/><\/a><\/p>\n<p><a href=\"http:\/\/www.wolkenmusik.de\/wp-content\/uploads\/2013\/04\/RADIALSYSTEM-V_Logo.jpg\"><img decoding=\"async\" loading=\"lazy\" class=\"alignnone size-medium wp-image-68\" src=\"http:\/\/www.wolkenmusik.de\/wp-content\/uploads\/2013\/04\/RADIALSYSTEM-V_Logo-300x49.jpg\" alt=\"RADIALSYSTEM V_Logo\" width=\"241\" height=\"49\" \/><\/a><\/p>\n<p><a href=\"http:\/\/www.wolkenmusik.de\/wp-content\/uploads\/2013\/04\/logodock11eden.jpg\"><img decoding=\"async\" loading=\"lazy\" class=\"alignnone size-medium wp-image-69\" src=\"http:\/\/www.wolkenmusik.de\/wp-content\/uploads\/2013\/04\/logodock11eden-300x41.jpg\" alt=\"logodock11eden\" width=\"237\" height=\"41\" \/><\/a><\/p>\n<p><a href=\"http:\/\/www.wolkenmusik.de\/wp-content\/uploads\/2013\/04\/Logo_ExRotaprint.jpg\"><img decoding=\"async\" loading=\"lazy\" class=\"alignnone size-full wp-image-110\" src=\"http:\/\/www.wolkenmusik.de\/wp-content\/uploads\/2013\/04\/Logo_ExRotaprint.jpg\" alt=\"Logo_ExRotaprint\" width=\"237\" height=\"81\" \/><\/a><\/p>\n<p><a href=\"http:\/\/www.wolkenmusik.de\/wp-content\/uploads\/2013\/04\/zku.jpg\"><img decoding=\"async\" loading=\"lazy\" class=\"alignnone size-full wp-image-78\" src=\"http:\/\/www.wolkenmusik.de\/wp-content\/uploads\/2013\/04\/zku.jpg\" alt=\"zku\" width=\"235\" height=\"119\" \/><br \/>\n<\/a><\/p>\n<p><a href=\"http:\/\/www.wolkenmusik.de\/wp-content\/uploads\/2013\/04\/Logo-Gruen-Berlin_s.jpg\"><img decoding=\"async\" loading=\"lazy\" class=\"alignnone size-medium wp-image-79\" src=\"http:\/\/www.wolkenmusik.de\/wp-content\/uploads\/2013\/04\/Logo-Gruen-Berlin_s-300x97.jpg\" alt=\"Logo-Gruen-Berlin_s\" width=\"231\" height=\"78\" \/><\/a><\/p>\n<p><a href=\"http:\/\/www.wolkenmusik.de\/wp-content\/uploads\/2013\/04\/prinzessinnengarten.jpg\"><img decoding=\"async\" loading=\"lazy\" class=\"alignnone size-medium wp-image-99\" src=\"http:\/\/www.wolkenmusik.de\/wp-content\/uploads\/2013\/04\/prinzessinnengarten-300x40.jpg\" alt=\"prinzessinnengarten\" width=\"229\" height=\"40\" \/><\/a><\/p>","protected":false},"excerpt":{"rendered":"<p>\u201cMusic from the Cloud\u201d is part of the\u00a0project \u201cMusic in the Cloud\u201d organised by the Music Section of the Akademie der K\u00fcnste in the frame of the exhibition \u201cKultur:Stadt\u201d at Akademie der K\u00fcnste, Hanseatenweg. In collaboration with raumlabor berlin and radio aporee by Udo Noll and the participating partners: ZK\/U Zentrum f\u00fcr Kunst und Urbanistik, [&hellip;]<\/p>\n","protected":false},"author":1,"featured_media":0,"parent":0,"menu_order":0,"comment_status":"closed","ping_status":"closed","template":"","meta":[],"_links":{"self":[{"href":"http:\/\/www.wolkenmusik.de\/index.php?rest_route=\/wp\/v2\/pages\/63"}],"collection":[{"href":"http:\/\/www.wolkenmusik.de\/index.php?rest_route=\/wp\/v2\/pages"}],"about":[{"href":"http:\/\/www.wolkenmusik.de\/index.php?rest_route=\/wp\/v2\/types\/page"}],"author":[{"embeddable":true,"href":"http:\/\/www.wolkenmusik.de\/index.php?rest_route=\/wp\/v2\/users\/1"}],"replies":[{"embeddable":true,"href":"http:\/\/www.wolkenmusik.de\/index.php?rest_route=%2Fwp%2Fv2%2Fcomments&post=63"}],"version-history":[{"count":13,"href":"http:\/\/www.wolkenmusik.de\/index.php?rest_route=\/wp\/v2\/pages\/63\/revisions"}],"predecessor-version":[{"id":157,"href":"http:\/\/www.wolkenmusik.de\/index.php?rest_route=\/wp\/v2\/pages\/63\/revisions\/157"}],"wp:attachment":[{"href":"http:\/\/www.wolkenmusik.de\/index.php?rest_route=%2Fwp%2Fv2%2Fmedia&parent=63"}],"curies":[{"name":"wp","href":"https:\/\/api.w.org\/{rel}","templated":true}]}}