{"id":17,"date":"2013-04-15T16:02:54","date_gmt":"2013-04-15T14:02:54","guid":{"rendered":"http:\/\/www.garage-g.de\/wolke\/?page_id=17"},"modified":"2023-01-17T18:35:04","modified_gmt":"2023-01-17T16:35:04","slug":"kunstler-orte","status":"publish","type":"page","link":"http:\/\/www.wolkenmusik.de\/?page_id=17","title":{"rendered":"artist + places"},"content":{"rendered":"<p><a title=\"Thomas Wochnik\" href=\"http:\/\/www.wolkenmusik.de\/?page_id=116\"><b><b>Thomas Wochnik &#8211;\u00a0<\/b>ZK\/U Zentrum f\u00fcr Kunst und Urbanistik<\/b><\/a><\/p>\n<p><a title=\"Thom Kubli\" href=\"http:\/\/www.wolkenmusik.de\/?page_id=119\"><b><b>Thom Kubli &#8211;\u00a0<\/b>ExRotaprint (Wedding)<\/b><\/a><\/p>\n<p><a title=\"Martin Stefke\" href=\"http:\/\/www.wolkenmusik.de\/?page_id=121\"><b><b>Martin Stefke &#8211;\u00a0<\/b>DOCK 11 EDEN***** (Pankow)<\/b><\/a><\/p>\n<p><a title=\"Geno\u00ebl Lilienstern\" href=\"http:\/\/www.wolkenmusik.de\/?page_id=122\"><b><span style=\"text-decoration: underline;\"><b><strong>Geno\u00ebl Lilienstern &#8211;\u00a0<\/strong><\/b>Mellowpark (K\u00f6penick)<\/span><\/b><\/a><\/p>\n<p><a title=\"G\u00e1bor P\u00e9ter Mezei\" href=\"http:\/\/www.wolkenmusik.de\/?page_id=123\"><b><b>G\u00e1bor P\u00e9ter Mezei &#8211;\u00a0<\/b>RADIALSYSTEM V am Ostbahnhof (Friedrichshain)<\/b><\/a><\/p>\n<p><a title=\"Bojana \u0160alji\u0107 Pode\u0161va\" href=\"http:\/\/www.wolkenmusik.de\/?page_id=125\"><b><b>Bojana \u0160alji\u0107 Pode\u0161va &#8211;\u00a0<\/b>Prinzessinneng\u00e4rten (Kreuzberg)<\/b><\/a><\/p>\n<p><a title=\"Neele H\u00fclcker\" href=\"http:\/\/www.wolkenmusik.de\/?page_id=127\"><b><b>Neele H\u00fclcker &#8211;\u00a0<\/b>Projekte am Kottbusser Tor<\/b><\/a><\/p>\n<p><a title=\"Stefan Rummel\" href=\"http:\/\/www.wolkenmusik.de\/?page_id=129\"><b><b>Stefan Rummel\u00a0<\/b>Tempelhofer Feld (Tempelhof)<\/b><\/a><\/p>\n<p>&nbsp;<\/p>\n","protected":false},"excerpt":{"rendered":"<p>Thomas Wochnik &#8211;\u00a0ZK\/U Zentrum f\u00fcr Kunst und Urbanistik Thom Kubli &#8211;\u00a0ExRotaprint (Wedding) Martin Stefke &#8211;\u00a0DOCK 11 EDEN***** (Pankow) Geno\u00ebl Lilienstern &#8211;\u00a0Mellowpark (K\u00f6penick) G\u00e1bor P\u00e9ter Mezei &#8211;\u00a0RADIALSYSTEM V am Ostbahnhof (Friedrichshain) Bojana \u0160alji\u0107 Pode\u0161va &#8211;\u00a0Prinzessinneng\u00e4rten (Kreuzberg) Neele H\u00fclcker &#8211;\u00a0Projekte am Kottbusser Tor Stefan Rummel\u00a0Tempelhofer Feld (Tempelhof) &nbsp;<\/p>\n","protected":false},"author":1,"featured_media":0,"parent":0,"menu_order":0,"comment_status":"closed","ping_status":"closed","template":"","meta":[],"_links":{"self":[{"href":"http:\/\/www.wolkenmusik.de\/index.php?rest_route=\/wp\/v2\/pages\/17"}],"collection":[{"href":"http:\/\/www.wolkenmusik.de\/index.php?rest_route=\/wp\/v2\/pages"}],"about":[{"href":"http:\/\/www.wolkenmusik.de\/index.php?rest_route=\/wp\/v2\/types\/page"}],"author":[{"embeddable":true,"href":"http:\/\/www.wolkenmusik.de\/index.php?rest_route=\/wp\/v2\/users\/1"}],"replies":[{"embeddable":true,"href":"http:\/\/www.wolkenmusik.de\/index.php?rest_route=%2Fwp%2Fv2%2Fcomments&post=17"}],"version-history":[{"count":32,"href":"http:\/\/www.wolkenmusik.de\/index.php?rest_route=\/wp\/v2\/pages\/17\/revisions"}],"predecessor-version":[{"id":153,"href":"http:\/\/www.wolkenmusik.de\/index.php?rest_route=\/wp\/v2\/pages\/17\/revisions\/153"}],"wp:attachment":[{"href":"http:\/\/www.wolkenmusik.de\/index.php?rest_route=%2Fwp%2Fv2%2Fmedia&parent=17"}],"curies":[{"name":"wp","href":"https:\/\/api.w.org\/{rel}","templated":true}]}}